{"id":1002,"date":"2024-09-11T09:06:06","date_gmt":"2024-09-11T09:06:06","guid":{"rendered":"https:\/\/rauch.ad-am-projekte.com\/?page_id=1002"},"modified":"2024-12-18T09:07:51","modified_gmt":"2024-12-18T09:07:51","slug":"stranguss-blechguss","status":"publish","type":"page","link":"https:\/\/www.rauch-ft.com\/en\/recycling-alloying\/stranguss-blechguss\/","title":{"rendered":"Continuous casting | \nSheet-metal casting"},"content":{"rendered":"","protected":false},"excerpt":{"rendered":"","protected":false},"author":1,"featured_media":0,"parent":16,"menu_order":0,"comment_status":"closed","ping_status":"closed","template":"page-flexible-content.php","meta":{"_acf_changed":false,"inline_featured_image":false,"footnotes":""},"class_list":["post-1002","page","type-page","status-publish","hentry"],"acf":[],"yoast_head":"<!-- This site is optimized with the Yoast SEO plugin v27.3 - https:\/\/yoast.com\/product\/yoast-seo-wordpress\/ -->\n<title>Blech- und Stranggie\u00dfanlagen von RAUCH<\/title>\n<meta name=\"description\" content=\"Innovative Blechgie\u00df- und Stranggie\u00dfanlagen von RAUCH verbinden Konsistenz und Pr\u00e4zision mit maximierter Ausbringung und h\u00f6chster Qualit\u00e4t.\" \/>\n<meta name=\"robots\" content=\"index, follow, max-snippet:-1, max-image-preview:large, max-video-preview:-1\" \/>\n<link rel=\"canonical\" href=\"https:\/\/www.rauch-ft.com\/en\/recycling-alloying\/stranguss-blechguss\/\" \/>\n<meta property=\"og:locale\" content=\"en_US\" \/>\n<meta property=\"og:type\" content=\"article\" \/>\n<meta property=\"og:title\" content=\"Blech- und Stranggie\u00dfanlagen von RAUCH\" \/>\n<meta property=\"og:description\" content=\"Innovative Blechgie\u00df- und Stranggie\u00dfanlagen von RAUCH verbinden Konsistenz und Pr\u00e4zision mit maximierter Ausbringung und h\u00f6chster Qualit\u00e4t.\" \/>\n<meta property=\"og:url\" content=\"https:\/\/www.rauch-ft.com\/en\/recycling-alloying\/stranguss-blechguss\/\" \/>\n<meta property=\"og:site_name\" content=\"Rauch FT\" \/>\n<meta property=\"article:modified_time\" content=\"2024-12-18T09:07:51+00:00\" \/>\n<meta name=\"twitter:card\" content=\"summary_large_image\" \/>\n<script type=\"application\/ld+json\" class=\"yoast-schema-graph\">{\"@context\":\"https:\\\/\\\/schema.org\",\"@graph\":[{\"@type\":\"WebPage\",\"@id\":\"https:\\\/\\\/www.rauch-ft.com\\\/recycling-alloying\\\/stranguss-blechguss\\\/\",\"url\":\"https:\\\/\\\/www.rauch-ft.com\\\/recycling-alloying\\\/stranguss-blechguss\\\/\",\"name\":\"Blech- und Stranggie\u00dfanlagen von RAUCH\",\"isPartOf\":{\"@id\":\"https:\\\/\\\/www.rauch-ft.com\\\/#website\"},\"datePublished\":\"2024-09-11T09:06:06+00:00\",\"dateModified\":\"2024-12-18T09:07:51+00:00\",\"description\":\"Innovative Blechgie\u00df- und Stranggie\u00dfanlagen von RAUCH verbinden Konsistenz und Pr\u00e4zision mit maximierter Ausbringung und h\u00f6chster Qualit\u00e4t.\",\"breadcrumb\":{\"@id\":\"https:\\\/\\\/www.rauch-ft.com\\\/recycling-alloying\\\/stranguss-blechguss\\\/#breadcrumb\"},\"inLanguage\":\"en-US\",\"potentialAction\":[{\"@type\":\"ReadAction\",\"target\":[\"https:\\\/\\\/www.rauch-ft.com\\\/recycling-alloying\\\/stranguss-blechguss\\\/\"]}]},{\"@type\":\"BreadcrumbList\",\"@id\":\"https:\\\/\\\/www.rauch-ft.com\\\/recycling-alloying\\\/stranguss-blechguss\\\/#breadcrumb\",\"itemListElement\":[{\"@type\":\"ListItem\",\"position\":1,\"name\":\"Startseite\",\"item\":\"https:\\\/\\\/www.rauch-ft.com\\\/\"},{\"@type\":\"ListItem\",\"position\":2,\"name\":\"Recycling | Alloying\",\"item\":\"https:\\\/\\\/www.rauch-ft.com\\\/recycling-alloying\\\/\"},{\"@type\":\"ListItem\",\"position\":3,\"name\":\"Stranguss \\\/ Blechguss\"}]},{\"@type\":\"WebSite\",\"@id\":\"https:\\\/\\\/www.rauch-ft.com\\\/#website\",\"url\":\"https:\\\/\\\/www.rauch-ft.com\\\/\",\"name\":\"RAUCH Furnace Technology GmbH\",\"description\":\"\",\"potentialAction\":[{\"@type\":\"SearchAction\",\"target\":{\"@type\":\"EntryPoint\",\"urlTemplate\":\"https:\\\/\\\/www.rauch-ft.com\\\/?s={search_term_string}\"},\"query-input\":{\"@type\":\"PropertyValueSpecification\",\"valueRequired\":true,\"valueName\":\"search_term_string\"}}],\"inLanguage\":\"en-US\"}]}<\/script>\n<!-- \/ Yoast SEO plugin. -->","yoast_head_json":{"title":"Sheet metal and continuous casting systems by RAUCH","description":"Innovative sheet metal casting and continuous casting systems by RAUCH combine consistency and precision with maximized output and the highest quality.","robots":{"index":"index","follow":"follow","max-snippet":"max-snippet:-1","max-image-preview":"max-image-preview:large","max-video-preview":"max-video-preview:-1"},"canonical":"https:\/\/www.rauch-ft.com\/en\/recycling-alloying\/stranguss-blechguss\/","og_locale":"en_US","og_type":"article","og_title":"Blech- und Stranggie\u00dfanlagen von RAUCH","og_description":"Innovative Blechgie\u00df- und Stranggie\u00dfanlagen von RAUCH verbinden Konsistenz und Pr\u00e4zision mit maximierter Ausbringung und h\u00f6chster Qualit\u00e4t.","og_url":"https:\/\/www.rauch-ft.com\/en\/recycling-alloying\/stranguss-blechguss\/","og_site_name":"Rauch FT","article_modified_time":"2024-12-18T09:07:51+00:00","twitter_card":"summary_large_image","schema":{"@context":"https:\/\/schema.org","@graph":[{"@type":"WebPage","@id":"https:\/\/www.rauch-ft.com\/recycling-alloying\/stranguss-blechguss\/","url":"https:\/\/www.rauch-ft.com\/recycling-alloying\/stranguss-blechguss\/","name":"Sheet metal and continuous casting systems by RAUCH","isPartOf":{"@id":"https:\/\/www.rauch-ft.com\/#website"},"datePublished":"2024-09-11T09:06:06+00:00","dateModified":"2024-12-18T09:07:51+00:00","description":"Innovative sheet metal casting and continuous casting systems by RAUCH combine consistency and precision with maximized output and the highest quality.","breadcrumb":{"@id":"https:\/\/www.rauch-ft.com\/recycling-alloying\/stranguss-blechguss\/#breadcrumb"},"inLanguage":"en-US","potentialAction":[{"@type":"ReadAction","target":["https:\/\/www.rauch-ft.com\/recycling-alloying\/stranguss-blechguss\/"]}]},{"@type":"BreadcrumbList","@id":"https:\/\/www.rauch-ft.com\/recycling-alloying\/stranguss-blechguss\/#breadcrumb","itemListElement":[{"@type":"ListItem","position":1,"name":"Startseite","item":"https:\/\/www.rauch-ft.com\/"},{"@type":"ListItem","position":2,"name":"Recycling | Alloying","item":"https:\/\/www.rauch-ft.com\/recycling-alloying\/"},{"@type":"ListItem","position":3,"name":"Stranguss \/ Blechguss"}]},{"@type":"WebSite","@id":"https:\/\/www.rauch-ft.com\/#website","url":"https:\/\/www.rauch-ft.com\/","name":"RAUCH Furnace Technology GmbH","description":"","potentialAction":[{"@type":"SearchAction","target":{"@type":"EntryPoint","urlTemplate":"https:\/\/www.rauch-ft.com\/?s={search_term_string}"},"query-input":{"@type":"PropertyValueSpecification","valueRequired":true,"valueName":"search_term_string"}}],"inLanguage":"en-US"}]}},"_links":{"self":[{"href":"https:\/\/www.rauch-ft.com\/en\/wp-json\/wp\/v2\/pages\/1002","targetHints":{"allow":["GET"]}}],"collection":[{"href":"https:\/\/www.rauch-ft.com\/en\/wp-json\/wp\/v2\/pages"}],"about":[{"href":"https:\/\/www.rauch-ft.com\/en\/wp-json\/wp\/v2\/types\/page"}],"author":[{"embeddable":true,"href":"https:\/\/www.rauch-ft.com\/en\/wp-json\/wp\/v2\/users\/1"}],"replies":[{"embeddable":true,"href":"https:\/\/www.rauch-ft.com\/en\/wp-json\/wp\/v2\/comments?post=1002"}],"version-history":[{"count":7,"href":"https:\/\/www.rauch-ft.com\/en\/wp-json\/wp\/v2\/pages\/1002\/revisions"}],"predecessor-version":[{"id":1785,"href":"https:\/\/www.rauch-ft.com\/en\/wp-json\/wp\/v2\/pages\/1002\/revisions\/1785"}],"up":[{"embeddable":true,"href":"https:\/\/www.rauch-ft.com\/en\/wp-json\/wp\/v2\/pages\/16"}],"wp:attachment":[{"href":"https:\/\/www.rauch-ft.com\/en\/wp-json\/wp\/v2\/media?parent=1002"}],"curies":[{"name":"wp","href":"https:\/\/api.w.org\/{rel}","templated":true}]}}