{"id":171,"date":"2024-06-01T06:38:29","date_gmt":"2024-06-01T06:38:29","guid":{"rendered":"http:\/\/rauch.ad-am-projekte.com\/?page_id=171"},"modified":"2024-12-20T09:28:30","modified_gmt":"2024-12-20T09:28:30","slug":"zink","status":"publish","type":"page","link":"https:\/\/www.rauch-ft.com\/en\/druckguss\/zink\/","title":{"rendered":"Zinc"},"content":{"rendered":"","protected":false},"excerpt":{"rendered":"","protected":false},"author":1,"featured_media":0,"parent":14,"menu_order":0,"comment_status":"closed","ping_status":"closed","template":"page-flexible-content.php","meta":{"_acf_changed":false,"inline_featured_image":false,"footnotes":""},"class_list":["post-171","page","type-page","status-publish","hentry"],"acf":[],"yoast_head":"<!-- This site is optimized with the Yoast SEO plugin v27.3 - https:\/\/yoast.com\/product\/yoast-seo-wordpress\/ -->\n<title>Warmkammer-Druckguss-L\u00f6sungen f\u00fcr die Zinkverarbeitung<\/title>\n<meta name=\"description\" content=\"Wir gestalten Schmelzprozesse f\u00fcr den Zink-Druckguss effizienter. Mit RAUCH-Anlagen genie\u00dfen Sie h\u00f6here Produktivit\u00e4t bei niedrigeren Betriebskosten.\" \/>\n<meta name=\"robots\" content=\"index, follow, max-snippet:-1, max-image-preview:large, max-video-preview:-1\" \/>\n<link rel=\"canonical\" href=\"https:\/\/www.rauch-ft.com\/en\/druckguss\/zink\/\" \/>\n<meta property=\"og:locale\" content=\"en_US\" \/>\n<meta property=\"og:type\" content=\"article\" \/>\n<meta property=\"og:title\" content=\"Warmkammer-Druckguss-L\u00f6sungen f\u00fcr die Zinkverarbeitung\" \/>\n<meta property=\"og:description\" content=\"Wir gestalten Schmelzprozesse f\u00fcr den Zink-Druckguss effizienter. Mit RAUCH-Anlagen genie\u00dfen Sie h\u00f6here Produktivit\u00e4t bei niedrigeren Betriebskosten.\" \/>\n<meta property=\"og:url\" content=\"https:\/\/www.rauch-ft.com\/en\/druckguss\/zink\/\" \/>\n<meta property=\"og:site_name\" content=\"Rauch FT\" \/>\n<meta property=\"article:modified_time\" content=\"2024-12-20T09:28:30+00:00\" \/>\n<meta name=\"twitter:card\" content=\"summary_large_image\" \/>\n<script type=\"application\/ld+json\" class=\"yoast-schema-graph\">{\"@context\":\"https:\\\/\\\/schema.org\",\"@graph\":[{\"@type\":\"WebPage\",\"@id\":\"https:\\\/\\\/www.rauch-ft.com\\\/druckguss\\\/zink\\\/\",\"url\":\"https:\\\/\\\/www.rauch-ft.com\\\/druckguss\\\/zink\\\/\",\"name\":\"Warmkammer-Druckguss-L\u00f6sungen f\u00fcr die Zinkverarbeitung\",\"isPartOf\":{\"@id\":\"https:\\\/\\\/www.rauch-ft.com\\\/#website\"},\"datePublished\":\"2024-06-01T06:38:29+00:00\",\"dateModified\":\"2024-12-20T09:28:30+00:00\",\"description\":\"Wir gestalten Schmelzprozesse f\u00fcr den Zink-Druckguss effizienter. Mit RAUCH-Anlagen genie\u00dfen Sie h\u00f6here Produktivit\u00e4t bei niedrigeren Betriebskosten.\",\"breadcrumb\":{\"@id\":\"https:\\\/\\\/www.rauch-ft.com\\\/druckguss\\\/zink\\\/#breadcrumb\"},\"inLanguage\":\"en-US\",\"potentialAction\":[{\"@type\":\"ReadAction\",\"target\":[\"https:\\\/\\\/www.rauch-ft.com\\\/druckguss\\\/zink\\\/\"]}]},{\"@type\":\"BreadcrumbList\",\"@id\":\"https:\\\/\\\/www.rauch-ft.com\\\/druckguss\\\/zink\\\/#breadcrumb\",\"itemListElement\":[{\"@type\":\"ListItem\",\"position\":1,\"name\":\"Startseite\",\"item\":\"https:\\\/\\\/www.rauch-ft.com\\\/\"},{\"@type\":\"ListItem\",\"position\":2,\"name\":\"Druckguss\",\"item\":\"https:\\\/\\\/www.rauch-ft.com\\\/en\\\/druckguss\\\/\"},{\"@type\":\"ListItem\",\"position\":3,\"name\":\"Zink\"}]},{\"@type\":\"WebSite\",\"@id\":\"https:\\\/\\\/www.rauch-ft.com\\\/#website\",\"url\":\"https:\\\/\\\/www.rauch-ft.com\\\/\",\"name\":\"RAUCH Furnace Technology GmbH\",\"description\":\"\",\"potentialAction\":[{\"@type\":\"SearchAction\",\"target\":{\"@type\":\"EntryPoint\",\"urlTemplate\":\"https:\\\/\\\/www.rauch-ft.com\\\/?s={search_term_string}\"},\"query-input\":{\"@type\":\"PropertyValueSpecification\",\"valueRequired\":true,\"valueName\":\"search_term_string\"}}],\"inLanguage\":\"en-US\"}]}<\/script>\n<!-- \/ Yoast SEO plugin. -->","yoast_head_json":{"title":"Hot chamber die casting solutions for zinc processing","description":"We make melting processes for zinc die casting more efficient. With RAUCH systems, you enjoy higher productivity at lower operating costs.","robots":{"index":"index","follow":"follow","max-snippet":"max-snippet:-1","max-image-preview":"max-image-preview:large","max-video-preview":"max-video-preview:-1"},"canonical":"https:\/\/www.rauch-ft.com\/en\/druckguss\/zink\/","og_locale":"en_US","og_type":"article","og_title":"Warmkammer-Druckguss-L\u00f6sungen f\u00fcr die Zinkverarbeitung","og_description":"Wir gestalten Schmelzprozesse f\u00fcr den Zink-Druckguss effizienter. Mit RAUCH-Anlagen genie\u00dfen Sie h\u00f6here Produktivit\u00e4t bei niedrigeren Betriebskosten.","og_url":"https:\/\/www.rauch-ft.com\/en\/druckguss\/zink\/","og_site_name":"Rauch FT","article_modified_time":"2024-12-20T09:28:30+00:00","twitter_card":"summary_large_image","schema":{"@context":"https:\/\/schema.org","@graph":[{"@type":"WebPage","@id":"https:\/\/www.rauch-ft.com\/druckguss\/zink\/","url":"https:\/\/www.rauch-ft.com\/druckguss\/zink\/","name":"Hot chamber die casting solutions for zinc processing","isPartOf":{"@id":"https:\/\/www.rauch-ft.com\/#website"},"datePublished":"2024-06-01T06:38:29+00:00","dateModified":"2024-12-20T09:28:30+00:00","description":"We make melting processes for zinc die casting more efficient. With RAUCH systems, you enjoy higher productivity at lower operating costs.","breadcrumb":{"@id":"https:\/\/www.rauch-ft.com\/druckguss\/zink\/#breadcrumb"},"inLanguage":"en-US","potentialAction":[{"@type":"ReadAction","target":["https:\/\/www.rauch-ft.com\/druckguss\/zink\/"]}]},{"@type":"BreadcrumbList","@id":"https:\/\/www.rauch-ft.com\/druckguss\/zink\/#breadcrumb","itemListElement":[{"@type":"ListItem","position":1,"name":"Startseite","item":"https:\/\/www.rauch-ft.com\/"},{"@type":"ListItem","position":2,"name":"Druckguss","item":"https:\/\/www.rauch-ft.com\/en\/druckguss\/"},{"@type":"ListItem","position":3,"name":"Zink"}]},{"@type":"WebSite","@id":"https:\/\/www.rauch-ft.com\/#website","url":"https:\/\/www.rauch-ft.com\/","name":"RAUCH Furnace Technology GmbH","description":"","potentialAction":[{"@type":"SearchAction","target":{"@type":"EntryPoint","urlTemplate":"https:\/\/www.rauch-ft.com\/?s={search_term_string}"},"query-input":{"@type":"PropertyValueSpecification","valueRequired":true,"valueName":"search_term_string"}}],"inLanguage":"en-US"}]}},"_links":{"self":[{"href":"https:\/\/www.rauch-ft.com\/en\/wp-json\/wp\/v2\/pages\/171","targetHints":{"allow":["GET"]}}],"collection":[{"href":"https:\/\/www.rauch-ft.com\/en\/wp-json\/wp\/v2\/pages"}],"about":[{"href":"https:\/\/www.rauch-ft.com\/en\/wp-json\/wp\/v2\/types\/page"}],"author":[{"embeddable":true,"href":"https:\/\/www.rauch-ft.com\/en\/wp-json\/wp\/v2\/users\/1"}],"replies":[{"embeddable":true,"href":"https:\/\/www.rauch-ft.com\/en\/wp-json\/wp\/v2\/comments?post=171"}],"version-history":[{"count":9,"href":"https:\/\/www.rauch-ft.com\/en\/wp-json\/wp\/v2\/pages\/171\/revisions"}],"predecessor-version":[{"id":1815,"href":"https:\/\/www.rauch-ft.com\/en\/wp-json\/wp\/v2\/pages\/171\/revisions\/1815"}],"up":[{"embeddable":true,"href":"https:\/\/www.rauch-ft.com\/en\/wp-json\/wp\/v2\/pages\/14"}],"wp:attachment":[{"href":"https:\/\/www.rauch-ft.com\/en\/wp-json\/wp\/v2\/media?parent=171"}],"curies":[{"name":"wp","href":"https:\/\/api.w.org\/{rel}","templated":true}]}}