{"id":20,"date":"2024-05-20T06:58:58","date_gmt":"2024-05-20T06:58:58","guid":{"rendered":"http:\/\/rauch.ad-am-projekte.com\/?page_id=20"},"modified":"2025-03-24T09:43:35","modified_gmt":"2025-03-24T08:43:35","slug":"customized-engineering","status":"publish","type":"page","link":"https:\/\/www.rauch-ft.com\/en\/customized-engineering\/","title":{"rendered":"Customized engineering"},"content":{"rendered":"","protected":false},"excerpt":{"rendered":"","protected":false},"author":1,"featured_media":0,"parent":0,"menu_order":0,"comment_status":"closed","ping_status":"closed","template":"page-main-subpage.php","meta":{"_acf_changed":false,"inline_featured_image":false,"footnotes":""},"class_list":["post-20","page","type-page","status-publish","hentry"],"acf":[],"yoast_head":"<!-- This site is optimized with the Yoast SEO plugin v27.3 - https:\/\/yoast.com\/product\/yoast-seo-wordpress\/ -->\n<title>Customized Engineering f\u00fcr komplexe Anforderungen<\/title>\n<meta name=\"description\" content=\"Ma\u00dfgeschneiderte Engineering-L\u00f6sungen schaffen einen nachhaltigen Wettbewerbsvorteil, steigern die Effizienz und gl\u00e4nzen durch Zukunftssicherheit\" \/>\n<meta name=\"robots\" content=\"index, follow, max-snippet:-1, max-image-preview:large, max-video-preview:-1\" \/>\n<link rel=\"canonical\" href=\"https:\/\/www.rauch-ft.com\/en\/customized-engineering\/\" \/>\n<meta property=\"og:locale\" content=\"en_US\" \/>\n<meta property=\"og:type\" content=\"article\" \/>\n<meta property=\"og:title\" content=\"Customized Engineering f\u00fcr komplexe Anforderungen\" \/>\n<meta property=\"og:description\" content=\"Ma\u00dfgeschneiderte Engineering-L\u00f6sungen schaffen einen nachhaltigen Wettbewerbsvorteil, steigern die Effizienz und gl\u00e4nzen durch Zukunftssicherheit\" \/>\n<meta property=\"og:url\" content=\"https:\/\/www.rauch-ft.com\/en\/customized-engineering\/\" \/>\n<meta property=\"og:site_name\" content=\"Rauch FT\" \/>\n<meta property=\"article:modified_time\" content=\"2025-03-24T08:43:35+00:00\" \/>\n<meta name=\"twitter:card\" content=\"summary_large_image\" \/>\n<script type=\"application\/ld+json\" class=\"yoast-schema-graph\">{\"@context\":\"https:\\\/\\\/schema.org\",\"@graph\":[{\"@type\":\"WebPage\",\"@id\":\"https:\\\/\\\/www.rauch-ft.com\\\/customized-engineering\\\/\",\"url\":\"https:\\\/\\\/www.rauch-ft.com\\\/customized-engineering\\\/\",\"name\":\"Customized Engineering f\u00fcr komplexe Anforderungen\",\"isPartOf\":{\"@id\":\"https:\\\/\\\/www.rauch-ft.com\\\/#website\"},\"datePublished\":\"2024-05-20T06:58:58+00:00\",\"dateModified\":\"2025-03-24T08:43:35+00:00\",\"description\":\"Ma\u00dfgeschneiderte Engineering-L\u00f6sungen schaffen einen nachhaltigen Wettbewerbsvorteil, steigern die Effizienz und gl\u00e4nzen durch Zukunftssicherheit\",\"breadcrumb\":{\"@id\":\"https:\\\/\\\/www.rauch-ft.com\\\/customized-engineering\\\/#breadcrumb\"},\"inLanguage\":\"en-US\",\"potentialAction\":[{\"@type\":\"ReadAction\",\"target\":[\"https:\\\/\\\/www.rauch-ft.com\\\/customized-engineering\\\/\"]}]},{\"@type\":\"BreadcrumbList\",\"@id\":\"https:\\\/\\\/www.rauch-ft.com\\\/customized-engineering\\\/#breadcrumb\",\"itemListElement\":[{\"@type\":\"ListItem\",\"position\":1,\"name\":\"Startseite\",\"item\":\"https:\\\/\\\/www.rauch-ft.com\\\/\"},{\"@type\":\"ListItem\",\"position\":2,\"name\":\"Customized Engineering\"}]},{\"@type\":\"WebSite\",\"@id\":\"https:\\\/\\\/www.rauch-ft.com\\\/#website\",\"url\":\"https:\\\/\\\/www.rauch-ft.com\\\/\",\"name\":\"RAUCH Furnace Technology GmbH\",\"description\":\"\",\"potentialAction\":[{\"@type\":\"SearchAction\",\"target\":{\"@type\":\"EntryPoint\",\"urlTemplate\":\"https:\\\/\\\/www.rauch-ft.com\\\/?s={search_term_string}\"},\"query-input\":{\"@type\":\"PropertyValueSpecification\",\"valueRequired\":true,\"valueName\":\"search_term_string\"}}],\"inLanguage\":\"en-US\"}]}<\/script>\n<!-- \/ Yoast SEO plugin. -->","yoast_head_json":{"title":"Customized engineering for complex requirements","description":"Customized engineering solutions create a sustainable competitive advantage, increase efficiency and shine through futureproofing.","robots":{"index":"index","follow":"follow","max-snippet":"max-snippet:-1","max-image-preview":"max-image-preview:large","max-video-preview":"max-video-preview:-1"},"canonical":"https:\/\/www.rauch-ft.com\/en\/customized-engineering\/","og_locale":"en_US","og_type":"article","og_title":"Customized Engineering f\u00fcr komplexe Anforderungen","og_description":"Ma\u00dfgeschneiderte Engineering-L\u00f6sungen schaffen einen nachhaltigen Wettbewerbsvorteil, steigern die Effizienz und gl\u00e4nzen durch Zukunftssicherheit","og_url":"https:\/\/www.rauch-ft.com\/en\/customized-engineering\/","og_site_name":"Rauch FT","article_modified_time":"2025-03-24T08:43:35+00:00","twitter_card":"summary_large_image","schema":{"@context":"https:\/\/schema.org","@graph":[{"@type":"WebPage","@id":"https:\/\/www.rauch-ft.com\/customized-engineering\/","url":"https:\/\/www.rauch-ft.com\/customized-engineering\/","name":"Customized engineering for complex requirements","isPartOf":{"@id":"https:\/\/www.rauch-ft.com\/#website"},"datePublished":"2024-05-20T06:58:58+00:00","dateModified":"2025-03-24T08:43:35+00:00","description":"Customized engineering solutions create a sustainable competitive advantage, increase efficiency and shine through futureproofing.","breadcrumb":{"@id":"https:\/\/www.rauch-ft.com\/customized-engineering\/#breadcrumb"},"inLanguage":"en-US","potentialAction":[{"@type":"ReadAction","target":["https:\/\/www.rauch-ft.com\/customized-engineering\/"]}]},{"@type":"BreadcrumbList","@id":"https:\/\/www.rauch-ft.com\/customized-engineering\/#breadcrumb","itemListElement":[{"@type":"ListItem","position":1,"name":"Startseite","item":"https:\/\/www.rauch-ft.com\/"},{"@type":"ListItem","position":2,"name":"Customized Engineering"}]},{"@type":"WebSite","@id":"https:\/\/www.rauch-ft.com\/#website","url":"https:\/\/www.rauch-ft.com\/","name":"RAUCH Furnace Technology GmbH","description":"","potentialAction":[{"@type":"SearchAction","target":{"@type":"EntryPoint","urlTemplate":"https:\/\/www.rauch-ft.com\/?s={search_term_string}"},"query-input":{"@type":"PropertyValueSpecification","valueRequired":true,"valueName":"search_term_string"}}],"inLanguage":"en-US"}]}},"_links":{"self":[{"href":"https:\/\/www.rauch-ft.com\/en\/wp-json\/wp\/v2\/pages\/20","targetHints":{"allow":["GET"]}}],"collection":[{"href":"https:\/\/www.rauch-ft.com\/en\/wp-json\/wp\/v2\/pages"}],"about":[{"href":"https:\/\/www.rauch-ft.com\/en\/wp-json\/wp\/v2\/types\/page"}],"author":[{"embeddable":true,"href":"https:\/\/www.rauch-ft.com\/en\/wp-json\/wp\/v2\/users\/1"}],"replies":[{"embeddable":true,"href":"https:\/\/www.rauch-ft.com\/en\/wp-json\/wp\/v2\/comments?post=20"}],"version-history":[{"count":7,"href":"https:\/\/www.rauch-ft.com\/en\/wp-json\/wp\/v2\/pages\/20\/revisions"}],"predecessor-version":[{"id":1863,"href":"https:\/\/www.rauch-ft.com\/en\/wp-json\/wp\/v2\/pages\/20\/revisions\/1863"}],"wp:attachment":[{"href":"https:\/\/www.rauch-ft.com\/en\/wp-json\/wp\/v2\/media?parent=20"}],"curies":[{"name":"wp","href":"https:\/\/api.w.org\/{rel}","templated":true}]}}