{"id":614,"date":"2024-06-19T12:20:51","date_gmt":"2024-06-19T12:20:51","guid":{"rendered":"https:\/\/rauch.ad-am-projekte.com\/?page_id=614"},"modified":"2024-12-18T07:54:45","modified_gmt":"2024-12-18T07:54:45","slug":"magnesium","status":"publish","type":"page","link":"https:\/\/www.rauch-ft.com\/en\/recycling-alloying\/magnesium\/","title":{"rendered":"Magnesium"},"content":{"rendered":"","protected":false},"excerpt":{"rendered":"","protected":false},"author":1,"featured_media":0,"parent":16,"menu_order":0,"comment_status":"closed","ping_status":"closed","template":"page-flexible-content.php","meta":{"_acf_changed":false,"inline_featured_image":false,"footnotes":""},"class_list":["post-614","page","type-page","status-publish","hentry"],"acf":[],"yoast_head":"<!-- This site is optimized with the Yoast SEO plugin v27.3 - https:\/\/yoast.com\/product\/yoast-seo-wordpress\/ -->\n<title>Nachhaltige Magnesium-Recycling- und -Alloying-L\u00f6sungen<\/title>\n<meta name=\"description\" content=\"RAUCH-L\u00f6sungen f\u00fcr das Recycling und Alloying von Magnesium erm\u00f6glichen h\u00f6chste, nachhaltige Effizienz selbst bei hochkomplexen Anforderungen.\" \/>\n<meta name=\"robots\" content=\"index, follow, max-snippet:-1, max-image-preview:large, max-video-preview:-1\" \/>\n<link rel=\"canonical\" href=\"https:\/\/www.rauch-ft.com\/en\/recycling-alloying\/magnesium\/\" \/>\n<meta property=\"og:locale\" content=\"en_US\" \/>\n<meta property=\"og:type\" content=\"article\" \/>\n<meta property=\"og:title\" content=\"Nachhaltige Magnesium-Recycling- und -Alloying-L\u00f6sungen\" \/>\n<meta property=\"og:description\" content=\"RAUCH-L\u00f6sungen f\u00fcr das Recycling und Alloying von Magnesium erm\u00f6glichen h\u00f6chste, nachhaltige Effizienz selbst bei hochkomplexen Anforderungen.\" \/>\n<meta property=\"og:url\" content=\"https:\/\/www.rauch-ft.com\/en\/recycling-alloying\/magnesium\/\" \/>\n<meta property=\"og:site_name\" content=\"Rauch FT\" \/>\n<meta property=\"article:modified_time\" content=\"2024-12-18T07:54:45+00:00\" \/>\n<meta name=\"twitter:card\" content=\"summary_large_image\" \/>\n<script type=\"application\/ld+json\" class=\"yoast-schema-graph\">{\"@context\":\"https:\\\/\\\/schema.org\",\"@graph\":[{\"@type\":\"WebPage\",\"@id\":\"https:\\\/\\\/www.rauch-ft.com\\\/recycling-alloying\\\/magnesium\\\/\",\"url\":\"https:\\\/\\\/www.rauch-ft.com\\\/recycling-alloying\\\/magnesium\\\/\",\"name\":\"Nachhaltige Magnesium-Recycling- und -Alloying-L\u00f6sungen\",\"isPartOf\":{\"@id\":\"https:\\\/\\\/www.rauch-ft.com\\\/#website\"},\"datePublished\":\"2024-06-19T12:20:51+00:00\",\"dateModified\":\"2024-12-18T07:54:45+00:00\",\"description\":\"RAUCH-L\u00f6sungen f\u00fcr das Recycling und Alloying von Magnesium erm\u00f6glichen h\u00f6chste, nachhaltige Effizienz selbst bei hochkomplexen Anforderungen.\",\"breadcrumb\":{\"@id\":\"https:\\\/\\\/www.rauch-ft.com\\\/recycling-alloying\\\/magnesium\\\/#breadcrumb\"},\"inLanguage\":\"en-US\",\"potentialAction\":[{\"@type\":\"ReadAction\",\"target\":[\"https:\\\/\\\/www.rauch-ft.com\\\/recycling-alloying\\\/magnesium\\\/\"]}]},{\"@type\":\"BreadcrumbList\",\"@id\":\"https:\\\/\\\/www.rauch-ft.com\\\/recycling-alloying\\\/magnesium\\\/#breadcrumb\",\"itemListElement\":[{\"@type\":\"ListItem\",\"position\":1,\"name\":\"Startseite\",\"item\":\"https:\\\/\\\/www.rauch-ft.com\\\/\"},{\"@type\":\"ListItem\",\"position\":2,\"name\":\"Recycling | Alloying\",\"item\":\"https:\\\/\\\/www.rauch-ft.com\\\/recycling-alloying\\\/\"},{\"@type\":\"ListItem\",\"position\":3,\"name\":\"Magnesium\"}]},{\"@type\":\"WebSite\",\"@id\":\"https:\\\/\\\/www.rauch-ft.com\\\/#website\",\"url\":\"https:\\\/\\\/www.rauch-ft.com\\\/\",\"name\":\"RAUCH Furnace Technology GmbH\",\"description\":\"\",\"potentialAction\":[{\"@type\":\"SearchAction\",\"target\":{\"@type\":\"EntryPoint\",\"urlTemplate\":\"https:\\\/\\\/www.rauch-ft.com\\\/?s={search_term_string}\"},\"query-input\":{\"@type\":\"PropertyValueSpecification\",\"valueRequired\":true,\"valueName\":\"search_term_string\"}}],\"inLanguage\":\"en-US\"}]}<\/script>\n<!-- \/ Yoast SEO plugin. -->","yoast_head_json":{"title":"Sustainable magnesium recycling and alloying solutions","description":"RAUCH solutions for the recycling and alloying of magnesium enable maximum, sustainable efficiency even with highly complex requirements.","robots":{"index":"index","follow":"follow","max-snippet":"max-snippet:-1","max-image-preview":"max-image-preview:large","max-video-preview":"max-video-preview:-1"},"canonical":"https:\/\/www.rauch-ft.com\/en\/recycling-alloying\/magnesium\/","og_locale":"en_US","og_type":"article","og_title":"Nachhaltige Magnesium-Recycling- und -Alloying-L\u00f6sungen","og_description":"RAUCH-L\u00f6sungen f\u00fcr das Recycling und Alloying von Magnesium erm\u00f6glichen h\u00f6chste, nachhaltige Effizienz selbst bei hochkomplexen Anforderungen.","og_url":"https:\/\/www.rauch-ft.com\/en\/recycling-alloying\/magnesium\/","og_site_name":"Rauch FT","article_modified_time":"2024-12-18T07:54:45+00:00","twitter_card":"summary_large_image","schema":{"@context":"https:\/\/schema.org","@graph":[{"@type":"WebPage","@id":"https:\/\/www.rauch-ft.com\/recycling-alloying\/magnesium\/","url":"https:\/\/www.rauch-ft.com\/recycling-alloying\/magnesium\/","name":"Sustainable magnesium recycling and alloying solutions","isPartOf":{"@id":"https:\/\/www.rauch-ft.com\/#website"},"datePublished":"2024-06-19T12:20:51+00:00","dateModified":"2024-12-18T07:54:45+00:00","description":"RAUCH solutions for the recycling and alloying of magnesium enable maximum, sustainable efficiency even with highly complex requirements.","breadcrumb":{"@id":"https:\/\/www.rauch-ft.com\/recycling-alloying\/magnesium\/#breadcrumb"},"inLanguage":"en-US","potentialAction":[{"@type":"ReadAction","target":["https:\/\/www.rauch-ft.com\/recycling-alloying\/magnesium\/"]}]},{"@type":"BreadcrumbList","@id":"https:\/\/www.rauch-ft.com\/recycling-alloying\/magnesium\/#breadcrumb","itemListElement":[{"@type":"ListItem","position":1,"name":"Startseite","item":"https:\/\/www.rauch-ft.com\/"},{"@type":"ListItem","position":2,"name":"Recycling | Alloying","item":"https:\/\/www.rauch-ft.com\/recycling-alloying\/"},{"@type":"ListItem","position":3,"name":"Magnesium"}]},{"@type":"WebSite","@id":"https:\/\/www.rauch-ft.com\/#website","url":"https:\/\/www.rauch-ft.com\/","name":"RAUCH Furnace Technology GmbH","description":"","potentialAction":[{"@type":"SearchAction","target":{"@type":"EntryPoint","urlTemplate":"https:\/\/www.rauch-ft.com\/?s={search_term_string}"},"query-input":{"@type":"PropertyValueSpecification","valueRequired":true,"valueName":"search_term_string"}}],"inLanguage":"en-US"}]}},"_links":{"self":[{"href":"https:\/\/www.rauch-ft.com\/en\/wp-json\/wp\/v2\/pages\/614","targetHints":{"allow":["GET"]}}],"collection":[{"href":"https:\/\/www.rauch-ft.com\/en\/wp-json\/wp\/v2\/pages"}],"about":[{"href":"https:\/\/www.rauch-ft.com\/en\/wp-json\/wp\/v2\/types\/page"}],"author":[{"embeddable":true,"href":"https:\/\/www.rauch-ft.com\/en\/wp-json\/wp\/v2\/users\/1"}],"replies":[{"embeddable":true,"href":"https:\/\/www.rauch-ft.com\/en\/wp-json\/wp\/v2\/comments?post=614"}],"version-history":[{"count":7,"href":"https:\/\/www.rauch-ft.com\/en\/wp-json\/wp\/v2\/pages\/614\/revisions"}],"predecessor-version":[{"id":1779,"href":"https:\/\/www.rauch-ft.com\/en\/wp-json\/wp\/v2\/pages\/614\/revisions\/1779"}],"up":[{"embeddable":true,"href":"https:\/\/www.rauch-ft.com\/en\/wp-json\/wp\/v2\/pages\/16"}],"wp:attachment":[{"href":"https:\/\/www.rauch-ft.com\/en\/wp-json\/wp\/v2\/media?parent=614"}],"curies":[{"name":"wp","href":"https:\/\/api.w.org\/{rel}","templated":true}]}}